{"id":23,"date":"2025-03-11T10:07:19","date_gmt":"2025-03-11T09:07:19","guid":{"rendered":"https:\/\/dev1.knok-studios.com\/?page_id=23"},"modified":"2025-07-22T11:57:12","modified_gmt":"2025-07-22T09:57:12","slug":"nos-menus","status":"publish","type":"page","link":"https:\/\/restaurantsolis.com\/en\/nos-menus\/","title":{"rendered":"Our Menus"},"content":{"rendered":"<div data-elementor-type=\"wp-page\" data-elementor-id=\"23\" class=\"elementor elementor-23\" data-elementor-post-type=\"page\">\n\t\t\t\t<div class=\"elementor-element elementor-element-bbfb307 e-con-full e-flex e-con e-parent\" data-id=\"bbfb307\" data-element_type=\"container\" data-e-type=\"container\">\n\t\t\t\t<div class=\"elementor-element elementor-element-4242526 elementor-absolute elementor-widget elementor-widget-image\" data-id=\"4242526\" data-element_type=\"widget\" data-e-type=\"widget\" data-settings=\"{&quot;_position&quot;:&quot;absolute&quot;}\" data-widget_type=\"image.default\">\n\t\t\t\t<div class=\"elementor-widget-container\">\n\t\t\t\t\t\t\t\t\t\t\t\t\t\t\t<img fetchpriority=\"high\" decoding=\"async\" width=\"1579\" height=\"1028\" src=\"https:\/\/restaurantsolis.com\/wp-content\/uploads\/2025\/04\/overlay.avif\" class=\"attachment-full size-full wp-image-324\" alt=\"\" srcset=\"https:\/\/restaurantsolis.com\/wp-content\/uploads\/2025\/04\/overlay.avif 1579w, https:\/\/restaurantsolis.com\/wp-content\/uploads\/2025\/04\/overlay-300x195.avif 300w, https:\/\/restaurantsolis.com\/wp-content\/uploads\/2025\/04\/overlay-1024x667.avif 1024w, https:\/\/restaurantsolis.com\/wp-content\/uploads\/2025\/04\/overlay-768x500.avif 768w, https:\/\/restaurantsolis.com\/wp-content\/uploads\/2025\/04\/overlay-1536x1000.avif 1536w\" sizes=\"(max-width: 1579px) 100vw, 1579px\" \/>\t\t\t\t\t\t\t\t\t\t\t\t\t\t\t<\/div>\n\t\t\t\t<\/div>\n\t\t<div class=\"elementor-element elementor-element-bfc0703 e-flex e-con-boxed e-con e-child\" data-id=\"bfc0703\" data-element_type=\"container\" data-e-type=\"container\">\n\t\t\t\t\t<div class=\"e-con-inner\">\n\t\t\t\t<div class=\"elementor-element elementor-element-d7fb8f7 elementor-widget elementor-widget-heading\" data-id=\"d7fb8f7\" data-element_type=\"widget\" data-e-type=\"widget\" data-widget_type=\"heading.default\">\n\t\t\t\t<div class=\"elementor-widget-container\">\n\t\t\t\t\t<h1 class=\"elementor-heading-title elementor-size-default\">Our Menus<\/h1>\t\t\t\t<\/div>\n\t\t\t\t<\/div>\n\t\t\t\t<div class=\"elementor-element elementor-element-49eab69 elementor-widget__width-initial elementor-widget elementor-widget-text-editor\" data-id=\"49eab69\" data-element_type=\"widget\" data-e-type=\"widget\" data-widget_type=\"text-editor.default\">\n\t\t\t\t<div class=\"elementor-widget-container\">\n\t\t\t\t\t\t\t\t\t<p>An enchanting cuisine, inspired by the colors of the Mediterranean<\/p>\t\t\t\t\t\t\t\t<\/div>\n\t\t\t\t<\/div>\n\t\t\t\t\t<\/div>\n\t\t\t\t<\/div>\n\t\t\t\t<\/div>\n\t\t<div class=\"elementor-element elementor-element-48b84f0 e-con-full e-flex e-con e-child\" data-id=\"48b84f0\" data-element_type=\"container\" data-e-type=\"container\">\n\t\t<div class=\"elementor-element elementor-element-2491c1d e-grid e-con-full e-con e-child\" data-id=\"2491c1d\" data-element_type=\"container\" data-e-type=\"container\">\n\t\t<a class=\"elementor-element elementor-element-18c506e e-con-full e-flex e-con e-child\" data-id=\"18c506e\" data-element_type=\"container\" data-e-type=\"container\" data-settings=\"{&quot;background_background&quot;:&quot;classic&quot;}\" href=\"https:\/\/restaurantsolis.com\/en\/menu-restaurant\/\">\n\t\t\t\t<div class=\"elementor-element elementor-element-4eeb14e elementor-widget elementor-widget-image\" data-id=\"4eeb14e\" data-element_type=\"widget\" data-e-type=\"widget\" data-widget_type=\"image.default\">\n\t\t\t\t<div class=\"elementor-widget-container\">\n\t\t\t\t\t\t\t\t\t\t\t\t\t\t\t<img decoding=\"async\" width=\"1518\" height=\"1132\" src=\"https:\/\/restaurantsolis.com\/wp-content\/uploads\/2025\/04\/menu-4.webp\" class=\"attachment-full size-full wp-image-316\" alt=\"\" srcset=\"https:\/\/restaurantsolis.com\/wp-content\/uploads\/2025\/04\/menu-4.webp 1518w, https:\/\/restaurantsolis.com\/wp-content\/uploads\/2025\/04\/menu-4-300x224.webp 300w, https:\/\/restaurantsolis.com\/wp-content\/uploads\/2025\/04\/menu-4-1024x764.webp 1024w, https:\/\/restaurantsolis.com\/wp-content\/uploads\/2025\/04\/menu-4-768x573.webp 768w\" sizes=\"(max-width: 1518px) 100vw, 1518px\" \/>\t\t\t\t\t\t\t\t\t\t\t\t\t\t\t<\/div>\n\t\t\t\t<\/div>\n\t\t<div class=\"elementor-element elementor-element-770b6a4 e-con-full e-flex e-con e-child\" data-id=\"770b6a4\" data-element_type=\"container\" data-e-type=\"container\" data-settings=\"{&quot;position&quot;:&quot;absolute&quot;}\">\n\t\t\t\t<div class=\"elementor-element elementor-element-b957030 elementor-widget elementor-widget-heading\" data-id=\"b957030\" data-element_type=\"widget\" data-e-type=\"widget\" data-widget_type=\"heading.default\">\n\t\t\t\t<div class=\"elementor-widget-container\">\n\t\t\t\t\t<h3 class=\"elementor-heading-title elementor-size-default\">Restaurant &amp; terrace<\/h3>\t\t\t\t<\/div>\n\t\t\t\t<\/div>\n\t\t\t\t<div class=\"elementor-element elementor-element-b1d00cf elementor-widget elementor-widget-text-editor\" data-id=\"b1d00cf\" data-element_type=\"widget\" data-e-type=\"widget\" data-widget_type=\"text-editor.default\">\n\t\t\t\t<div class=\"elementor-widget-container\">\n\t\t\t\t\t\t\t\t\t<p>Enjoy Mediterranean cuisine rich in flavors, colors and spices, prepared with carefully selected products, and served indoors or on the outdoor terrace.<\/p>\t\t\t\t\t\t\t\t<\/div>\n\t\t\t\t<\/div>\n\t\t\t\t<\/div>\n\t\t\t\t<\/a>\n\t\t<a class=\"elementor-element elementor-element-c4b7cd9 e-con-full e-flex e-con e-child\" data-id=\"c4b7cd9\" data-element_type=\"container\" data-e-type=\"container\" data-settings=\"{&quot;background_background&quot;:&quot;classic&quot;}\" href=\"https:\/\/restaurantsolis.com\/en\/menu-brunch\/\">\n\t\t\t\t<div class=\"elementor-element elementor-element-b1c03f8 elementor-widget elementor-widget-image\" data-id=\"b1c03f8\" data-element_type=\"widget\" data-e-type=\"widget\" data-widget_type=\"image.default\">\n\t\t\t\t<div class=\"elementor-widget-container\">\n\t\t\t\t\t\t\t\t\t\t\t\t\t\t\t<img decoding=\"async\" width=\"1920\" height=\"1280\" src=\"https:\/\/restaurantsolis.com\/wp-content\/uploads\/2025\/06\/Brunch-cover-.jpg\" class=\"attachment-full size-full wp-image-1692\" alt=\"Coupes de champagne\" srcset=\"https:\/\/restaurantsolis.com\/wp-content\/uploads\/2025\/06\/Brunch-cover-.jpg 1920w, https:\/\/restaurantsolis.com\/wp-content\/uploads\/2025\/06\/Brunch-cover--300x200.jpg 300w, https:\/\/restaurantsolis.com\/wp-content\/uploads\/2025\/06\/Brunch-cover--1024x683.jpg 1024w, https:\/\/restaurantsolis.com\/wp-content\/uploads\/2025\/06\/Brunch-cover--768x512.jpg 768w, https:\/\/restaurantsolis.com\/wp-content\/uploads\/2025\/06\/Brunch-cover--1536x1024.jpg 1536w, https:\/\/restaurantsolis.com\/wp-content\/uploads\/2025\/06\/Brunch-cover--18x12.jpg 18w\" sizes=\"(max-width: 1920px) 100vw, 1920px\" \/>\t\t\t\t\t\t\t\t\t\t\t\t\t\t\t<\/div>\n\t\t\t\t<\/div>\n\t\t<div class=\"elementor-element elementor-element-2b776cb e-con-full e-flex e-con e-child\" data-id=\"2b776cb\" data-element_type=\"container\" data-e-type=\"container\" data-settings=\"{&quot;position&quot;:&quot;absolute&quot;}\">\n\t\t\t\t<div class=\"elementor-element elementor-element-cbd28aa elementor-widget elementor-widget-heading\" data-id=\"cbd28aa\" data-element_type=\"widget\" data-e-type=\"widget\" data-widget_type=\"heading.default\">\n\t\t\t\t<div class=\"elementor-widget-container\">\n\t\t\t\t\t<h3 class=\"elementor-heading-title elementor-size-default\">BRUNCH<\/h3>\t\t\t\t<\/div>\n\t\t\t\t<\/div>\n\t\t\t\t<div class=\"elementor-element elementor-element-d57a686 elementor-widget elementor-widget-text-editor\" data-id=\"d57a686\" data-element_type=\"widget\" data-e-type=\"widget\" data-widget_type=\"text-editor.default\">\n\t\t\t\t<div class=\"elementor-widget-container\">\n\t\t\t\t\t\t\t\t\t<p>Available on Saturdays with live music and on Sundays with seafood platters, enjoy our all-you-can-eat sweet and savory buffets, with champagne option<\/p>\t\t\t\t\t\t\t\t<\/div>\n\t\t\t\t<\/div>\n\t\t\t\t<\/div>\n\t\t\t\t<\/a>\n\t\t\t\t<\/div>\n\t\t<div class=\"elementor-element elementor-element-2e60a06 e-grid e-con-full e-con e-child\" data-id=\"2e60a06\" data-element_type=\"container\" data-e-type=\"container\">\n\t\t<a class=\"elementor-element elementor-element-4887716 e-con-full e-flex e-con e-child\" data-id=\"4887716\" data-element_type=\"container\" data-e-type=\"container\" data-settings=\"{&quot;background_background&quot;:&quot;classic&quot;}\" href=\"https:\/\/restaurantsolis.com\/en\/menu-tea-time\/\">\n\t\t\t\t<div class=\"elementor-element elementor-element-3d5b1cb elementor-widget elementor-widget-image\" data-id=\"3d5b1cb\" data-element_type=\"widget\" data-e-type=\"widget\" data-widget_type=\"image.default\">\n\t\t\t\t<div class=\"elementor-widget-container\">\n\t\t\t\t\t\t\t\t\t\t\t\t\t\t\t<img loading=\"lazy\" decoding=\"async\" width=\"1920\" height=\"1280\" src=\"https:\/\/restaurantsolis.com\/wp-content\/uploads\/2025\/06\/Tea-time-cover-.jpg\" class=\"attachment-full size-full wp-image-1699\" alt=\"Tea Time\" srcset=\"https:\/\/restaurantsolis.com\/wp-content\/uploads\/2025\/06\/Tea-time-cover-.jpg 1920w, https:\/\/restaurantsolis.com\/wp-content\/uploads\/2025\/06\/Tea-time-cover--300x200.jpg 300w, https:\/\/restaurantsolis.com\/wp-content\/uploads\/2025\/06\/Tea-time-cover--1024x683.jpg 1024w, https:\/\/restaurantsolis.com\/wp-content\/uploads\/2025\/06\/Tea-time-cover--768x512.jpg 768w, https:\/\/restaurantsolis.com\/wp-content\/uploads\/2025\/06\/Tea-time-cover--1536x1024.jpg 1536w, https:\/\/restaurantsolis.com\/wp-content\/uploads\/2025\/06\/Tea-time-cover--18x12.jpg 18w\" sizes=\"(max-width: 1920px) 100vw, 1920px\" \/>\t\t\t\t\t\t\t\t\t\t\t\t\t\t\t<\/div>\n\t\t\t\t<\/div>\n\t\t<div class=\"elementor-element elementor-element-1c3b02d e-con-full e-flex e-con e-child\" data-id=\"1c3b02d\" data-element_type=\"container\" data-e-type=\"container\" data-settings=\"{&quot;position&quot;:&quot;absolute&quot;}\">\n\t\t\t\t<div class=\"elementor-element elementor-element-8b25b15 elementor-widget elementor-widget-heading\" data-id=\"8b25b15\" data-element_type=\"widget\" data-e-type=\"widget\" data-widget_type=\"heading.default\">\n\t\t\t\t<div class=\"elementor-widget-container\">\n\t\t\t\t\t<h3 class=\"elementor-heading-title elementor-size-default\">Tea Time<\/h3>\t\t\t\t<\/div>\n\t\t\t\t<\/div>\n\t\t\t\t<div class=\"elementor-element elementor-element-fbd9aed elementor-widget elementor-widget-text-editor\" data-id=\"fbd9aed\" data-element_type=\"widget\" data-e-type=\"widget\" data-widget_type=\"text-editor.default\">\n\t\t\t\t<div class=\"elementor-widget-container\">\n\t\t\t\t\t\t\t\t\t<p>Meet us every afternoon for a sweet break with refined pastries, savory snacks and a tailor-made selection of drinks for all gourmets<\/p>\t\t\t\t\t\t\t\t<\/div>\n\t\t\t\t<\/div>\n\t\t\t\t<\/div>\n\t\t\t\t<\/a>\n\t\t<a class=\"elementor-element elementor-element-7dbac81 e-con-full e-flex e-con e-child\" data-id=\"7dbac81\" data-element_type=\"container\" data-e-type=\"container\" data-settings=\"{&quot;background_background&quot;:&quot;classic&quot;}\" href=\"https:\/\/restaurantsolis.com\/en\/carte-bar\/\">\n\t\t\t\t<div class=\"elementor-element elementor-element-dcdb7eb elementor-widget elementor-widget-image\" data-id=\"dcdb7eb\" data-element_type=\"widget\" data-e-type=\"widget\" data-widget_type=\"image.default\">\n\t\t\t\t<div class=\"elementor-widget-container\">\n\t\t\t\t\t\t\t\t\t\t\t\t\t\t\t<img loading=\"lazy\" decoding=\"async\" width=\"2560\" height=\"1355\" src=\"https:\/\/restaurantsolis.com\/wp-content\/uploads\/2025\/05\/menu-image-4-scaled.avif\" class=\"attachment-full size-full wp-image-773\" alt=\"Cocktail framboise\" srcset=\"https:\/\/restaurantsolis.com\/wp-content\/uploads\/2025\/05\/menu-image-4-scaled.avif 2560w, https:\/\/restaurantsolis.com\/wp-content\/uploads\/2025\/05\/menu-image-4-300x159.avif 300w, https:\/\/restaurantsolis.com\/wp-content\/uploads\/2025\/05\/menu-image-4-1024x542.avif 1024w, https:\/\/restaurantsolis.com\/wp-content\/uploads\/2025\/05\/menu-image-4-768x406.avif 768w, https:\/\/restaurantsolis.com\/wp-content\/uploads\/2025\/05\/menu-image-4-1536x813.avif 1536w, https:\/\/restaurantsolis.com\/wp-content\/uploads\/2025\/05\/menu-image-4-2048x1084.avif 2048w\" sizes=\"(max-width: 2560px) 100vw, 2560px\" \/>\t\t\t\t\t\t\t\t\t\t\t\t\t\t\t<\/div>\n\t\t\t\t<\/div>\n\t\t<div class=\"elementor-element elementor-element-1ecff77 e-con-full e-flex e-con e-child\" data-id=\"1ecff77\" data-element_type=\"container\" data-e-type=\"container\" data-settings=\"{&quot;position&quot;:&quot;absolute&quot;}\">\n\t\t\t\t<div class=\"elementor-element elementor-element-f4be909 elementor-widget elementor-widget-heading\" data-id=\"f4be909\" data-element_type=\"widget\" data-e-type=\"widget\" data-widget_type=\"heading.default\">\n\t\t\t\t<div class=\"elementor-widget-container\">\n\t\t\t\t\t<h3 class=\"elementor-heading-title elementor-size-default\">Bar &amp; Cocktails<\/h3>\t\t\t\t<\/div>\n\t\t\t\t<\/div>\n\t\t\t\t<div class=\"elementor-element elementor-element-3096c7d elementor-widget elementor-widget-text-editor\" data-id=\"3096c7d\" data-element_type=\"widget\" data-e-type=\"widget\" data-widget_type=\"text-editor.default\">\n\t\t\t\t<div class=\"elementor-widget-container\">\n\t\t\t\t\t\t\t\t\t<p>Discover unique cocktails featuring citrus fruits, alcoholic infusions, and homemade syrups, as well as mezze dishes to share with friends.<\/p>\t\t\t\t\t\t\t\t<\/div>\n\t\t\t\t<\/div>\n\t\t\t\t<\/div>\n\t\t\t\t<\/a>\n\t\t\t\t<\/div>\n\t\t\t\t<\/div>\n\t\t\t\t<\/div>","protected":false},"excerpt":{"rendered":"<p>Nos Menus Une cuisine enchanteresque, inspir\u00e9e des couleurs de la M\u00e9diterran\u00e9e Restaurant &amp; terrasse D\u00e9gustez une cuisine m\u00e9diterran\u00e9enne riche en saveurs, couleurs et \u00e9pices, pr\u00e9par\u00e9e avec des produits soigneusement s\u00e9lectionn\u00e9s, et servie en salle ou en terrasse ext\u00e9rieure. BRUNCH Disponible le samedi avec musique live et le dimanche avec plateau de fruit de mer, profitez [&hellip;]<\/p>\n","protected":false},"author":1,"featured_media":0,"parent":0,"menu_order":2,"comment_status":"closed","ping_status":"closed","template":"","meta":{"footnotes":""},"class_list":["post-23","page","type-page","status-publish","hentry"],"_links":{"self":[{"href":"https:\/\/restaurantsolis.com\/en\/wp-json\/wp\/v2\/pages\/23","targetHints":{"allow":["GET"]}}],"collection":[{"href":"https:\/\/restaurantsolis.com\/en\/wp-json\/wp\/v2\/pages"}],"about":[{"href":"https:\/\/restaurantsolis.com\/en\/wp-json\/wp\/v2\/types\/page"}],"author":[{"embeddable":true,"href":"https:\/\/restaurantsolis.com\/en\/wp-json\/wp\/v2\/users\/1"}],"replies":[{"embeddable":true,"href":"https:\/\/restaurantsolis.com\/en\/wp-json\/wp\/v2\/comments?post=23"}],"version-history":[{"count":17,"href":"https:\/\/restaurantsolis.com\/en\/wp-json\/wp\/v2\/pages\/23\/revisions"}],"predecessor-version":[{"id":1808,"href":"https:\/\/restaurantsolis.com\/en\/wp-json\/wp\/v2\/pages\/23\/revisions\/1808"}],"wp:attachment":[{"href":"https:\/\/restaurantsolis.com\/en\/wp-json\/wp\/v2\/media?parent=23"}],"curies":[{"name":"wp","href":"https:\/\/api.w.org\/{rel}","templated":true}]}}